{"id":157,"date":"2014-02-10T07:50:52","date_gmt":"2014-02-10T07:50:52","guid":{"rendered":"http:\/\/nacoeschido.com\/nec\/?page_id=157"},"modified":"2022-11-03T19:13:33","modified_gmt":"2022-11-04T01:13:33","slug":"quien-chambeo","status":"publish","type":"page","link":"https:\/\/nacoeschido.com\/nec\/sample-page\/quien-chambeo\/","title":{"rendered":"\u00bfQui\u00e9n Chambe\u00f3?"},"content":{"rendered":"<p>A\u00f1o de Producci\u00f3n: 2008<br \/>\nPa\u00eds: M\u00e9xico<br \/>\nLargometraje<br \/>\nDuraci\u00f3n: 90 mins.<br \/>\nDirecci\u00f3n: Sergio Arau<br \/>\nProducci\u00f3n: Rossana Arau<br \/>\nGui\u00f3n: Sergio Arau, Armando Vega-Gil, Tihu\u00ed Arau, Francisco Barrios<br \/>\nFotograf\u00eda: Gerardo Barroso<br \/>\nEdici\u00f3n: Sebasti\u00e1n Hofmann<br \/>\nSonido Directo: Mauricio Franco<br \/>\nDise\u00f1o de Sonido: Miguel Molina<br \/>\nM\u00fasica: Botellita de Jerez, Molotov, Caf\u00e9 Tacuba y varios mas.<br \/>\nFormato: 35 mm<br \/>\nDirecci\u00f3n de Arte: Juan Santiso<br \/>\nReparto\/ Cast: Sergio Arau, Armando Vega-Gil, Francisco Barrios, Yareli Arizmendi y Gina Moret<br \/>\nLocaciones: M\u00e9xico, D. F.<br \/>\nCompa\u00f1\u00edas Productoras: IMCINE-FIDECINE, Artnaco, Hyperion Films.<\/p>\n","protected":false},"excerpt":{"rendered":"<p>A\u00f1o de Producci\u00f3n: 2008 Pa\u00eds: M\u00e9xico Largometraje Duraci\u00f3n: 90 mins. Direcci\u00f3n: Sergio Arau Producci\u00f3n: Rossana Arau Gui\u00f3n: Sergio Arau, Armando Vega-Gil, Tihu\u00ed [&hellip;]<\/p>\n","protected":false},"author":1,"featured_media":0,"parent":2,"menu_order":0,"comment_status":"closed","ping_status":"open","template":"","meta":[],"_links":{"self":[{"href":"https:\/\/nacoeschido.com\/nec\/wp-json\/wp\/v2\/pages\/157"}],"collection":[{"href":"https:\/\/nacoeschido.com\/nec\/wp-json\/wp\/v2\/pages"}],"about":[{"href":"https:\/\/nacoeschido.com\/nec\/wp-json\/wp\/v2\/types\/page"}],"author":[{"embeddable":true,"href":"https:\/\/nacoeschido.com\/nec\/wp-json\/wp\/v2\/users\/1"}],"replies":[{"embeddable":true,"href":"https:\/\/nacoeschido.com\/nec\/wp-json\/wp\/v2\/comments?post=157"}],"version-history":[{"count":3,"href":"https:\/\/nacoeschido.com\/nec\/wp-json\/wp\/v2\/pages\/157\/revisions"}],"predecessor-version":[{"id":1922,"href":"https:\/\/nacoeschido.com\/nec\/wp-json\/wp\/v2\/pages\/157\/revisions\/1922"}],"up":[{"embeddable":true,"href":"https:\/\/nacoeschido.com\/nec\/wp-json\/wp\/v2\/pages\/2"}],"wp:attachment":[{"href":"https:\/\/nacoeschido.com\/nec\/wp-json\/wp\/v2\/media?parent=157"}],"curies":[{"name":"wp","href":"https:\/\/api.w.org\/{rel}","templated":true}]}}