{"id":2,"date":"2014-02-10T06:34:19","date_gmt":"2014-02-10T12:34:19","guid":{"rendered":"http:\/\/nacoeschido.com\/nec\/?page_id=2"},"modified":"2022-11-03T19:13:23","modified_gmt":"2022-11-04T01:13:23","slug":"sample-page","status":"publish","type":"page","link":"http:\/\/nacoeschido.com\/nec\/","title":{"rendered":"\u00a1Naco es Chido!"},"content":{"rendered":"<p><a href=\"http:\/\/nacoeschido.com\/nec\/wp-content\/uploads\/2014\/02\/1979305_10152291152356047_1555934384_o.jpg\" rel=\"attachment wp-att-264\"><img decoding=\"async\" loading=\"lazy\" class=\"aligncenter size-full wp-image-264\" src=\"http:\/\/nacoeschido.com\/nec\/wp-content\/uploads\/2014\/02\/1979305_10152291152356047_1555934384_o.jpg\" alt=\"blockbuster\" width=\"2667\" height=\"961\" srcset=\"http:\/\/nacoeschido.com\/nec\/wp-content\/uploads\/2014\/02\/1979305_10152291152356047_1555934384_o.jpg 2667w, http:\/\/nacoeschido.com\/nec\/wp-content\/uploads\/2014\/02\/1979305_10152291152356047_1555934384_o-300x108.jpg 300w, http:\/\/nacoeschido.com\/nec\/wp-content\/uploads\/2014\/02\/1979305_10152291152356047_1555934384_o-1024x368.jpg 1024w, http:\/\/nacoeschido.com\/nec\/wp-content\/uploads\/2014\/02\/1979305_10152291152356047_1555934384_o-1080x389.jpg 1080w\" sizes=\"(max-width: 2667px) 100vw, 2667px\" \/><\/a><\/p>\n<p><span style=\"line-height: 1.5em;\">&nbsp;<\/span><strong style=\"line-height: 1.5em;\">\u00a1Naco es Chido!<\/strong><\/p>\n<div align=\"justify\">\n<p style=\"text-align: justify;\">Falso documental de humor sobre el grupo de rock mexicano \u201cBotellita de Jerez\u201d, creador del conocido \u201cGuaca-Rock\u201d en la d\u00e9cada de los 80. La historia arranca cuando unos estudiantes encuentran el master del supuesto disco perdido de Botellita de Jerez \u2013que en realidad ser\u00e1 la nueva producci\u00f3n del grupo- y lo llevan a la disquera, con la ejecutiva Macuca, quien contrata a un detective para buscar a los integrantes del grupo con la finalidad de hacer un concierto como parte de la promoci\u00f3n del disco. El detective los localiza. El Cucurrucuc\u00fa est\u00e1 en un hospital psiqui\u00e1trico, el Mastuerzo es arrestado por hacer canciones explosivas y el Uyuyuy est\u00e1 viviendo de \u201cHomeless\u201d en Los Angeles.<\/p>\n<\/div>\n<p><a href=\"http:\/\/nacoeschido.com\/nec\/wp-content\/uploads\/2014\/03\/6123-PlanB-Dia17-Hi-640pxC.jpg\" rel=\"attachment wp-att-251\"><img decoding=\"async\" loading=\"lazy\" class=\"aligncenter wp-image-238 size-full\" src=\"http:\/\/nacoeschido.com\/nec\/wp-content\/uploads\/2014\/03\/6123-PlanB-Dia17-Hi-640pxC.jpg\" alt=\"\" width=\"640\" height=\"416\" srcset=\"http:\/\/nacoeschido.com\/nec\/wp-content\/uploads\/2014\/03\/6123-PlanB-Dia17-Hi-640pxC.jpg 640w, http:\/\/nacoeschido.com\/nec\/wp-content\/uploads\/2014\/03\/6123-PlanB-Dia17-Hi-640pxC-300x195.jpg 300w\" sizes=\"(max-width: 640px) 100vw, 640px\" \/><\/a><\/p>\n<p style=\"text-align: center;\">\n","protected":false},"excerpt":{"rendered":"<p>&nbsp;\u00a1Naco es Chido! Falso documental de humor sobre el grupo de rock mexicano \u201cBotellita de Jerez\u201d, creador del conocido \u201cGuaca-Rock\u201d en la [&hellip;]<\/p>\n","protected":false},"author":1,"featured_media":0,"parent":0,"menu_order":1,"comment_status":"closed","ping_status":"closed","template":"","meta":[],"_links":{"self":[{"href":"http:\/\/nacoeschido.com\/nec\/wp-json\/wp\/v2\/pages\/2"}],"collection":[{"href":"http:\/\/nacoeschido.com\/nec\/wp-json\/wp\/v2\/pages"}],"about":[{"href":"http:\/\/nacoeschido.com\/nec\/wp-json\/wp\/v2\/types\/page"}],"author":[{"embeddable":true,"href":"http:\/\/nacoeschido.com\/nec\/wp-json\/wp\/v2\/users\/1"}],"replies":[{"embeddable":true,"href":"http:\/\/nacoeschido.com\/nec\/wp-json\/wp\/v2\/comments?post=2"}],"version-history":[{"count":20,"href":"http:\/\/nacoeschido.com\/nec\/wp-json\/wp\/v2\/pages\/2\/revisions"}],"predecessor-version":[{"id":1921,"href":"http:\/\/nacoeschido.com\/nec\/wp-json\/wp\/v2\/pages\/2\/revisions\/1921"}],"wp:attachment":[{"href":"http:\/\/nacoeschido.com\/nec\/wp-json\/wp\/v2\/media?parent=2"}],"curies":[{"name":"wp","href":"https:\/\/api.w.org\/{rel}","templated":true}]}}