{"id":131,"date":"2014-02-10T07:42:27","date_gmt":"2014-02-10T07:42:27","guid":{"rendered":"http:\/\/nacoeschido.com\/nec\/?page_id=131"},"modified":"2016-04-05T11:56:55","modified_gmt":"2016-04-05T17:56:55","slug":"uyuyuy","status":"publish","type":"page","link":"http:\/\/nacoeschido.com\/nec\/botellita-de-jerez\/uyuyuy\/","title":{"rendered":"Uyuyuy"},"content":{"rendered":"<p><strong>El Uyuyuy.<\/strong> \u00a0Considerado en sus a\u00f1os mozos, el guitarrista mas r\u00e1pido de M\u00e9xico, (se dice que corr\u00eda los 100 metros planos en 11 segundos). Rotulista venido a Grafitero que le dej\u00f3 una adicci\u00f3n a los humos del spray, adem\u00e1s de ser borracho consumado. Tiene la man\u00eda de \u201cfirmar\u201d con grafity, como el dice, todos los lugares por los que pasa y lo hace con tal maestria que nadie lo ve. Es el gal\u00e1n del grupo y pretende ser intelectual al hablar, pero su inmensa ignorancia lo traiciona.<\/p>\n<p><a href=\"http:\/\/nacoeschido.com\/nec\/wp-content\/uploads\/2014\/03\/6796-PlanB-Dia05-Wide-Hi-640pxC.jpg\" rel=\"attachment wp-att-246\"><img decoding=\"async\" loading=\"lazy\" class=\"aligncenter wp-image-246 size-full\" src=\"http:\/\/nacoeschido.com\/nec\/wp-content\/uploads\/2014\/03\/6796-PlanB-Dia05-Wide-Hi-640pxC.jpg\" alt=\"6796-PlanB-Dia05-Wide-Hi-640pxC\" width=\"640\" height=\"384\" srcset=\"http:\/\/nacoeschido.com\/nec\/wp-content\/uploads\/2014\/03\/6796-PlanB-Dia05-Wide-Hi-640pxC.jpg 640w, http:\/\/nacoeschido.com\/nec\/wp-content\/uploads\/2014\/03\/6796-PlanB-Dia05-Wide-Hi-640pxC-300x180.jpg 300w\" sizes=\"(max-width: 640px) 100vw, 640px\" \/><\/a><\/p>\n<p style=\"text-align: center;\">\n","protected":false},"excerpt":{"rendered":"<p>El Uyuyuy. \u00a0Considerado en sus a\u00f1os mozos, el guitarrista mas r\u00e1pido de M\u00e9xico, (se dice que corr\u00eda los 100 metros planos en [&hellip;]<\/p>\n","protected":false},"author":1,"featured_media":0,"parent":167,"menu_order":2,"comment_status":"closed","ping_status":"open","template":"","meta":[],"_links":{"self":[{"href":"http:\/\/nacoeschido.com\/nec\/wp-json\/wp\/v2\/pages\/131"}],"collection":[{"href":"http:\/\/nacoeschido.com\/nec\/wp-json\/wp\/v2\/pages"}],"about":[{"href":"http:\/\/nacoeschido.com\/nec\/wp-json\/wp\/v2\/types\/page"}],"author":[{"embeddable":true,"href":"http:\/\/nacoeschido.com\/nec\/wp-json\/wp\/v2\/users\/1"}],"replies":[{"embeddable":true,"href":"http:\/\/nacoeschido.com\/nec\/wp-json\/wp\/v2\/comments?post=131"}],"version-history":[{"count":4,"href":"http:\/\/nacoeschido.com\/nec\/wp-json\/wp\/v2\/pages\/131\/revisions"}],"predecessor-version":[{"id":1283,"href":"http:\/\/nacoeschido.com\/nec\/wp-json\/wp\/v2\/pages\/131\/revisions\/1283"}],"up":[{"embeddable":true,"href":"http:\/\/nacoeschido.com\/nec\/wp-json\/wp\/v2\/pages\/167"}],"wp:attachment":[{"href":"http:\/\/nacoeschido.com\/nec\/wp-json\/wp\/v2\/media?parent=131"}],"curies":[{"name":"wp","href":"https:\/\/api.w.org\/{rel}","templated":true}]}}